{"id":15283,"date":"2025-03-17T10:12:11","date_gmt":"2025-03-17T09:12:11","guid":{"rendered":"https:\/\/goelett.com\/?page_id=15283"},"modified":"2025-11-04T15:56:13","modified_gmt":"2025-11-04T14:56:13","slug":"evenements","status":"publish","type":"page","link":"https:\/\/dev.goelett.com\/fr\/actualites\/evenements\/","title":{"rendered":"\u00c9v\u00e9nements"},"content":{"rendered":"\t\t<div data-elementor-type=\"wp-page\" data-elementor-id=\"15283\" class=\"elementor elementor-15283\" data-elementor-post-type=\"page\">\n\t\t\t\t\t\t<section class=\"elementor-section elementor-top-section elementor-element elementor-element-eb21bc1 elementor-section-boxed elementor-section-height-default elementor-section-height-default\" data-id=\"eb21bc1\" data-element_type=\"section\" data-e-type=\"section\">\n\t\t\t\t\t\t<div class=\"elementor-container elementor-column-gap-default\">\n\t\t\t\t\t<div class=\"elementor-column elementor-col-100 elementor-top-column elementor-element elementor-element-0489db0\" data-id=\"0489db0\" data-element_type=\"column\" data-e-type=\"column\">\n\t\t\t<div class=\"elementor-widget-wrap elementor-element-populated\">\n\t\t\t\t\t\t<div class=\"elementor-element elementor-element-50e181f elementor-invisible elementor-widget elementor-widget-breadcrumbs\" data-id=\"50e181f\" data-element_type=\"widget\" data-e-type=\"widget\" data-settings=\"{&quot;_animation&quot;:&quot;fadeInLeft&quot;,&quot;_animation_delay&quot;:200}\" data-widget_type=\"breadcrumbs.default\">\n\t\t\t\t<div class=\"elementor-widget-container\">\n\t\t\t\t\t<p id=\"breadcrumbs\"><\/p>\t\t\t\t<\/div>\n\t\t\t\t<\/div>\n\t\t\t\t\t<\/div>\n\t\t<\/div>\n\t\t\t\t\t<\/div>\n\t\t<\/section>\n\t\t\t\t<section class=\"elementor-section elementor-top-section elementor-element elementor-element-85e1fd5 elementor-section-boxed elementor-section-height-default elementor-section-height-default\" data-id=\"85e1fd5\" data-element_type=\"section\" data-e-type=\"section\">\n\t\t\t\t\t\t\t<div class=\"elementor-background-overlay\"><\/div>\n\t\t\t\t\t\t\t<div class=\"elementor-container elementor-column-gap-default\">\n\t\t\t\t\t<div class=\"elementor-column elementor-col-100 elementor-top-column elementor-element elementor-element-f07a004\" data-id=\"f07a004\" data-element_type=\"column\" data-e-type=\"column\">\n\t\t\t<div class=\"elementor-widget-wrap elementor-element-populated\">\n\t\t\t\t\t\t<div class=\"elementor-element elementor-element-cce2866 elementor-invisible elementor-widget elementor-widget-text-editor\" data-id=\"cce2866\" data-element_type=\"widget\" data-e-type=\"widget\" data-settings=\"{&quot;_animation&quot;:&quot;fadeInLeft&quot;,&quot;_animation_delay&quot;:400}\" data-widget_type=\"text-editor.default\">\n\t\t\t\t<div class=\"elementor-widget-container\">\n\t\t\t\t\t\t\t\t\t<p>\u00e9v\u00e9nements et webinaires<\/p>\t\t\t\t\t\t\t\t<\/div>\n\t\t\t\t<\/div>\n\t\t\t\t<div class=\"elementor-element elementor-element-293866d elementor-widget elementor-widget-shortcode\" data-id=\"293866d\" data-element_type=\"widget\" data-e-type=\"widget\" data-widget_type=\"shortcode.default\">\n\t\t\t\t<div class=\"elementor-widget-container\">\n\t\t\t\t\t\t\t<div class=\"elementor-shortcode\"><div class=\"next-webinar\"><div class=\"webinar-item\" style=\"box-shadow: 0px 4px 8px rgba(0,0,0,0.1); border-radius: 16px;\"><div class=\"webinar-thumbnail\"><img fetchpriority=\"high\" decoding=\"async\" width=\"800\" height=\"800\" src=\"https:\/\/dev.goelett.com\/wp-content\/uploads\/2026\/04\/Golf-day-2026-1024x1024.png\" class=\"attachment-large size-large wp-post-image\" alt=\"Golfday\" srcset=\"https:\/\/dev.goelett.com\/wp-content\/uploads\/2026\/04\/Golf-day-2026-1024x1024.png 1024w, https:\/\/dev.goelett.com\/wp-content\/uploads\/2026\/04\/Golf-day-2026-300x300.png 300w, https:\/\/dev.goelett.com\/wp-content\/uploads\/2026\/04\/Golf-day-2026-150x150.png 150w, https:\/\/dev.goelett.com\/wp-content\/uploads\/2026\/04\/Golf-day-2026-768x768.png 768w, https:\/\/dev.goelett.com\/wp-content\/uploads\/2026\/04\/Golf-day-2026.png 1080w\" sizes=\"(max-width: 800px) 100vw, 800px\" \/><\/div><div class=\"content-left\"><h3><a href=\"https:\/\/dev.goelett.com\/fr\/actualites\/webinars\/golfday-du-voyage-daffaires-2026\/\">GolfDay du Voyage d\u2019Affaires 2026<\/a><\/h3><p><img decoding=\"async\" src=\"https:\/\/dev.goelett.com\/wp-content\/uploads\/2025\/03\/calendar-line-1.svg\"> 25 ao\u00fbt 2026 <span class=\"time\"><i class=\"far fa-clock\"><\/i> 07:45<\/span><\/p><p><img decoding=\"async\" src=\"https:\/\/dev.goelett.com\/wp-content\/uploads\/2025\/03\/map-pin-line-1.svg\"> Golf &amp; Country Club de Fourqueux<\/p><div class=\"webinar-excerpt\" style=\"padding: 10px 0;\">Goelett est partenaire officiel du GolfDay du Voyage d\u2019Affaires 2026 organis\u00e9 par CDS. Cette journ\u00e9e a pour vocation de rassembler...<\/div><a href=\"https:\/\/dev.goelett.com\/fr\/actualites\/webinars\/golfday-du-voyage-daffaires-2026\/\" class=\"button\" style=\"display: inline-block; padding: 8px 15px; background-color: #332E74; color: #fff; text-decoration: none; border-radius: 8px;\">En savoir plus <img decoding=\"async\" src=\"https:\/\/dev.goelett.com\/wp-content\/uploads\/2025\/03\/Group.svg\"><\/a><\/div><\/div><\/div><\/div>\n\t\t\t\t\t\t<\/div>\n\t\t\t\t<\/div>\n\t\t\t\t\t<\/div>\n\t\t<\/div>\n\t\t\t\t\t<\/div>\n\t\t<\/section>\n\t\t\t\t<section class=\"elementor-section elementor-top-section elementor-element elementor-element-31950370 elementor-section-boxed elementor-section-height-default elementor-section-height-default\" data-id=\"31950370\" data-element_type=\"section\" data-e-type=\"section\" data-settings=\"{&quot;background_background&quot;:&quot;classic&quot;}\">\n\t\t\t\t\t\t\t<div class=\"elementor-background-overlay\"><\/div>\n\t\t\t\t\t\t\t<div class=\"elementor-container elementor-column-gap-default\">\n\t\t\t\t\t<div class=\"elementor-column elementor-col-100 elementor-top-column elementor-element elementor-element-3d641c47\" data-id=\"3d641c47\" data-element_type=\"column\" data-e-type=\"column\">\n\t\t\t<div class=\"elementor-widget-wrap elementor-element-populated\">\n\t\t\t\t\t\t<div class=\"elementor-element elementor-element-e6b5bc5 elementor-widget elementor-widget-shortcode\" data-id=\"e6b5bc5\" data-element_type=\"widget\" data-e-type=\"widget\" data-widget_type=\"shortcode.default\">\n\t\t\t\t<div class=\"elementor-widget-container\">\n\t\t\t\t\t\t\t<div class=\"elementor-shortcode\"><div class=\"related-webinars\" style=\"display: flex; gap: 20px; justify-content: flex-start; flex-wrap: wrap;\"><div class=\"webinar-item\" style=\"width: 32%; box-shadow: 0px 4px 8px rgba(0,0,0,0.1); border-radius: 16px;\"><h3><a href=\"https:\/\/dev.goelett.com\/fr\/actualites\/webinars\/iftm-international-french-travel-market\/\" style=\"text-decoration: none; color: #212121;\">IFTM &#8211; International &#038; French Travel Market<\/a><\/h3><p><img decoding=\"async\" src=\"https:\/\/dev.goelett.com\/wp-content\/uploads\/2025\/03\/calendar-line-1.svg\"> 15 septembre 2026 <span class=\"time\"><i class=\"far fa-clock\"><\/i> 15:35<\/span><\/p><p><img decoding=\"async\" src=\"https:\/\/dev.goelett.com\/wp-content\/uploads\/2025\/03\/map-pin-line-1.svg\"> N\/A<\/p><a href=\"https:\/\/dev.goelett.com\/fr\/actualites\/webinars\/iftm-international-french-travel-market\/\" style=\"display: inline-block; padding: 8px 15px; background-color: #332E74; color: #fff; text-decoration: none; border-radius: 3px;\">En savoir plus <img decoding=\"async\" src=\"https:\/\/dev.goelett.com\/wp-content\/uploads\/2025\/03\/Group.svg\"><\/a><\/div><\/div><\/div>\n\t\t\t\t\t\t<\/div>\n\t\t\t\t<\/div>\n\t\t\t\t\t<\/div>\n\t\t<\/div>\n\t\t\t\t\t<\/div>\n\t\t<\/section>\n\t\t\t\t<\/div>\n\t\t","protected":false},"excerpt":{"rendered":"<p>\u00e9v\u00e9nements et webinaires<\/p>\n","protected":false},"author":1,"featured_media":7446,"parent":6944,"menu_order":0,"comment_status":"closed","ping_status":"closed","template":"elementor_header_footer","meta":{"_acf_changed":false,"footnotes":""},"class_list":["post-15283","page","type-page","status-publish","has-post-thumbnail","hentry"],"acf":[],"yoast_head":"<!-- This site is optimized with the Yoast SEO Premium plugin v27.2 (Yoast SEO v27.4) - https:\/\/yoast.com\/product\/yoast-seo-premium-wordpress\/ -->\n<title>\u00c9v\u00e9nements - Goelett<\/title>\n<meta name=\"robots\" content=\"index, follow, max-snippet:-1, max-image-preview:large, max-video-preview:-1\" \/>\n<link rel=\"canonical\" href=\"https:\/\/dev.goelett.com\/fr\/actualites\/evenements\/\" \/>\n<meta property=\"og:locale\" content=\"fr_FR\" \/>\n<meta property=\"og:type\" content=\"article\" \/>\n<meta property=\"og:title\" content=\"\u00c9v\u00e9nements\" \/>\n<meta property=\"og:description\" content=\"\u00e9v\u00e9nements et webinaires\" \/>\n<meta property=\"og:url\" content=\"https:\/\/dev.goelett.com\/fr\/actualites\/evenements\/\" \/>\n<meta property=\"og:site_name\" content=\"Goelett\" \/>\n<meta property=\"article:modified_time\" content=\"2025-11-04T14:56:13+00:00\" \/>\n<meta property=\"og:image\" content=\"https:\/\/dev.goelett.com\/wp-content\/uploads\/2023\/12\/ISO-1.png\" \/>\n\t<meta property=\"og:image:width\" content=\"812\" \/>\n\t<meta property=\"og:image:height\" content=\"497\" \/>\n\t<meta property=\"og:image:type\" content=\"image\/png\" \/>\n<meta name=\"twitter:card\" content=\"summary_large_image\" \/>\n<meta name=\"twitter:label1\" content=\"Dur\u00e9e de lecture estim\u00e9e\" \/>\n\t<meta name=\"twitter:data1\" content=\"1 minute\" \/>\n<script type=\"application\/ld+json\" class=\"yoast-schema-graph\">{\"@context\":\"https:\\\/\\\/schema.org\",\"@graph\":[{\"@type\":\"WebPage\",\"@id\":\"https:\\\/\\\/dev.goelett.com\\\/fr\\\/actualites\\\/evenements\\\/\",\"url\":\"https:\\\/\\\/dev.goelett.com\\\/fr\\\/actualites\\\/evenements\\\/\",\"name\":\"\u00c9v\u00e9nements - Goelett\",\"isPartOf\":{\"@id\":\"https:\\\/\\\/dev.goelett.com\\\/#website\"},\"primaryImageOfPage\":{\"@id\":\"https:\\\/\\\/dev.goelett.com\\\/fr\\\/actualites\\\/evenements\\\/#primaryimage\"},\"image\":{\"@id\":\"https:\\\/\\\/dev.goelett.com\\\/fr\\\/actualites\\\/evenements\\\/#primaryimage\"},\"thumbnailUrl\":\"https:\\\/\\\/dev.goelett.com\\\/wp-content\\\/uploads\\\/2023\\\/12\\\/ISO-1.png\",\"datePublished\":\"2025-03-17T09:12:11+00:00\",\"dateModified\":\"2025-11-04T14:56:13+00:00\",\"breadcrumb\":{\"@id\":\"https:\\\/\\\/dev.goelett.com\\\/fr\\\/actualites\\\/evenements\\\/#breadcrumb\"},\"inLanguage\":\"fr-FR\",\"potentialAction\":[{\"@type\":\"ReadAction\",\"target\":[\"https:\\\/\\\/dev.goelett.com\\\/fr\\\/actualites\\\/evenements\\\/\"]}]},{\"@type\":\"ImageObject\",\"inLanguage\":\"fr-FR\",\"@id\":\"https:\\\/\\\/dev.goelett.com\\\/fr\\\/actualites\\\/evenements\\\/#primaryimage\",\"url\":\"https:\\\/\\\/dev.goelett.com\\\/wp-content\\\/uploads\\\/2023\\\/12\\\/ISO-1.png\",\"contentUrl\":\"https:\\\/\\\/dev.goelett.com\\\/wp-content\\\/uploads\\\/2023\\\/12\\\/ISO-1.png\",\"width\":812,\"height\":497},{\"@type\":\"BreadcrumbList\",\"@id\":\"https:\\\/\\\/dev.goelett.com\\\/fr\\\/actualites\\\/evenements\\\/#breadcrumb\",\"itemListElement\":[{\"@type\":\"ListItem\",\"position\":1,\"name\":\"Actualit\u00e9s\",\"item\":\"https:\\\/\\\/dev.goelett.com\\\/fr\\\/actualites\\\/\"},{\"@type\":\"ListItem\",\"position\":2,\"name\":\"\u00c9v\u00e9nements\"}]},{\"@type\":\"WebSite\",\"@id\":\"https:\\\/\\\/dev.goelett.com\\\/#website\",\"url\":\"https:\\\/\\\/dev.goelett.com\\\/\",\"name\":\"Goelett\",\"description\":\"Solution for Business Travel\",\"publisher\":{\"@id\":\"https:\\\/\\\/dev.goelett.com\\\/#organization\"},\"potentialAction\":[{\"@type\":\"SearchAction\",\"target\":{\"@type\":\"EntryPoint\",\"urlTemplate\":\"https:\\\/\\\/dev.goelett.com\\\/?s={search_term_string}\"},\"query-input\":{\"@type\":\"PropertyValueSpecification\",\"valueRequired\":true,\"valueName\":\"search_term_string\"}}],\"inLanguage\":\"fr-FR\"},{\"@type\":\"Organization\",\"@id\":\"https:\\\/\\\/dev.goelett.com\\\/#organization\",\"name\":\"Goelett\",\"url\":\"https:\\\/\\\/dev.goelett.com\\\/\",\"logo\":{\"@type\":\"ImageObject\",\"inLanguage\":\"fr-FR\",\"@id\":\"https:\\\/\\\/dev.goelett.com\\\/#\\\/schema\\\/logo\\\/image\\\/\",\"url\":\"https:\\\/\\\/dev.goelett.com\\\/wp-content\\\/uploads\\\/2023\\\/02\\\/VariantLogo-ColorBrand-white-GO.png\",\"contentUrl\":\"https:\\\/\\\/dev.goelett.com\\\/wp-content\\\/uploads\\\/2023\\\/02\\\/VariantLogo-ColorBrand-white-GO.png\",\"width\":928,\"height\":256,\"caption\":\"Goelett\"},\"image\":{\"@id\":\"https:\\\/\\\/dev.goelett.com\\\/#\\\/schema\\\/logo\\\/image\\\/\"},\"sameAs\":[\"https:\\\/\\\/www.linkedin.com\\\/company\\\/goelett\\\/\"]}]}<\/script>\n<!-- \/ Yoast SEO Premium plugin. -->","yoast_head_json":{"title":"\u00c9v\u00e9nements - Goelett","robots":{"index":"index","follow":"follow","max-snippet":"max-snippet:-1","max-image-preview":"max-image-preview:large","max-video-preview":"max-video-preview:-1"},"canonical":"https:\/\/dev.goelett.com\/fr\/actualites\/evenements\/","og_locale":"fr_FR","og_type":"article","og_title":"\u00c9v\u00e9nements","og_description":"\u00e9v\u00e9nements et webinaires","og_url":"https:\/\/dev.goelett.com\/fr\/actualites\/evenements\/","og_site_name":"Goelett","article_modified_time":"2025-11-04T14:56:13+00:00","og_image":[{"width":812,"height":497,"url":"https:\/\/dev.goelett.com\/wp-content\/uploads\/2023\/12\/ISO-1.png","type":"image\/png"}],"twitter_card":"summary_large_image","twitter_misc":{"Dur\u00e9e de lecture estim\u00e9e":"1 minute"},"schema":{"@context":"https:\/\/schema.org","@graph":[{"@type":"WebPage","@id":"https:\/\/dev.goelett.com\/fr\/actualites\/evenements\/","url":"https:\/\/dev.goelett.com\/fr\/actualites\/evenements\/","name":"\u00c9v\u00e9nements - Goelett","isPartOf":{"@id":"https:\/\/dev.goelett.com\/#website"},"primaryImageOfPage":{"@id":"https:\/\/dev.goelett.com\/fr\/actualites\/evenements\/#primaryimage"},"image":{"@id":"https:\/\/dev.goelett.com\/fr\/actualites\/evenements\/#primaryimage"},"thumbnailUrl":"https:\/\/dev.goelett.com\/wp-content\/uploads\/2023\/12\/ISO-1.png","datePublished":"2025-03-17T09:12:11+00:00","dateModified":"2025-11-04T14:56:13+00:00","breadcrumb":{"@id":"https:\/\/dev.goelett.com\/fr\/actualites\/evenements\/#breadcrumb"},"inLanguage":"fr-FR","potentialAction":[{"@type":"ReadAction","target":["https:\/\/dev.goelett.com\/fr\/actualites\/evenements\/"]}]},{"@type":"ImageObject","inLanguage":"fr-FR","@id":"https:\/\/dev.goelett.com\/fr\/actualites\/evenements\/#primaryimage","url":"https:\/\/dev.goelett.com\/wp-content\/uploads\/2023\/12\/ISO-1.png","contentUrl":"https:\/\/dev.goelett.com\/wp-content\/uploads\/2023\/12\/ISO-1.png","width":812,"height":497},{"@type":"BreadcrumbList","@id":"https:\/\/dev.goelett.com\/fr\/actualites\/evenements\/#breadcrumb","itemListElement":[{"@type":"ListItem","position":1,"name":"Actualit\u00e9s","item":"https:\/\/dev.goelett.com\/fr\/actualites\/"},{"@type":"ListItem","position":2,"name":"\u00c9v\u00e9nements"}]},{"@type":"WebSite","@id":"https:\/\/dev.goelett.com\/#website","url":"https:\/\/dev.goelett.com\/","name":"Goelett","description":"Solution for Business Travel","publisher":{"@id":"https:\/\/dev.goelett.com\/#organization"},"potentialAction":[{"@type":"SearchAction","target":{"@type":"EntryPoint","urlTemplate":"https:\/\/dev.goelett.com\/?s={search_term_string}"},"query-input":{"@type":"PropertyValueSpecification","valueRequired":true,"valueName":"search_term_string"}}],"inLanguage":"fr-FR"},{"@type":"Organization","@id":"https:\/\/dev.goelett.com\/#organization","name":"Goelett","url":"https:\/\/dev.goelett.com\/","logo":{"@type":"ImageObject","inLanguage":"fr-FR","@id":"https:\/\/dev.goelett.com\/#\/schema\/logo\/image\/","url":"https:\/\/dev.goelett.com\/wp-content\/uploads\/2023\/02\/VariantLogo-ColorBrand-white-GO.png","contentUrl":"https:\/\/dev.goelett.com\/wp-content\/uploads\/2023\/02\/VariantLogo-ColorBrand-white-GO.png","width":928,"height":256,"caption":"Goelett"},"image":{"@id":"https:\/\/dev.goelett.com\/#\/schema\/logo\/image\/"},"sameAs":["https:\/\/www.linkedin.com\/company\/goelett\/"]}]}},"_links":{"self":[{"href":"https:\/\/dev.goelett.com\/fr\/wp-json\/wp\/v2\/pages\/15283","targetHints":{"allow":["GET"]}}],"collection":[{"href":"https:\/\/dev.goelett.com\/fr\/wp-json\/wp\/v2\/pages"}],"about":[{"href":"https:\/\/dev.goelett.com\/fr\/wp-json\/wp\/v2\/types\/page"}],"author":[{"embeddable":true,"href":"https:\/\/dev.goelett.com\/fr\/wp-json\/wp\/v2\/users\/1"}],"replies":[{"embeddable":true,"href":"https:\/\/dev.goelett.com\/fr\/wp-json\/wp\/v2\/comments?post=15283"}],"version-history":[{"count":0,"href":"https:\/\/dev.goelett.com\/fr\/wp-json\/wp\/v2\/pages\/15283\/revisions"}],"up":[{"embeddable":true,"href":"https:\/\/dev.goelett.com\/fr\/wp-json\/wp\/v2\/pages\/6944"}],"wp:featuredmedia":[{"embeddable":true,"href":"https:\/\/dev.goelett.com\/fr\/wp-json\/wp\/v2\/media\/7446"}],"wp:attachment":[{"href":"https:\/\/dev.goelett.com\/fr\/wp-json\/wp\/v2\/media?parent=15283"}],"curies":[{"name":"wp","href":"https:\/\/api.w.org\/{rel}","templated":true}]}}